{"id":7488,"date":"2022-10-14T08:59:39","date_gmt":"2022-10-14T06:59:39","guid":{"rendered":"http:\/\/www.ekimeissenheim.de\/?page_id=7488"},"modified":"2025-07-22T12:42:49","modified_gmt":"2025-07-22T10:42:49","slug":"restaurierung-fortschritt","status":"publish","type":"page","link":"https:\/\/www.ekimeissenheim.de\/?page_id=7488","title":{"rendered":"Restaurierung &#8211; Aktuelles"},"content":{"rendered":"\n<p><strong>Wenige Wochen mehr Geduld brauchen nicht nur die Gemeindeglieder der Evang. Kirchengemeinde Mei\u00dfenheim, sondern auch alle Kirchenmusik-Fans, die sehnlich darauf warten, die Mei\u00dfenheimer Silbermann-Orgel wieder h\u00f6ren zu k\u00f6nnen.<\/strong><\/p>\n\n\n\n<p>Der Zeitplan zur Restaurierung der Historischen Silbermann-Orgel in Mei\u00dfenheim war durch Krankheit freier Mitarbeiter und Verz\u00f6gerungen bei einem Zulieferer ohnehin unter Druck geraten. Nun hat sich Orgelbaumeister Andreas Schiegnitz auch noch an der Hand verletzt.<\/p>\n\n\n\n<p>Daher ist der 14.09., der f\u00fcr die Wiedereinweihung anvisiert war, leider nicht zu halten. Die handwerkliche Qualit\u00e4t soll nicht unter Termindruck leiden. Und bei der Einweihung soll die Orgel ihre gesamte klangliche Pracht entfalten k\u00f6nnen.<\/p>\n\n\n\n<p>Daher sind die Verantwortlichen der Kirchengemeinde in auf der Suche nach einem neuen Termin, voraussichtlich Anfang November, bei dem ohne Kollision mit Veranstaltungen in der Gemeinde oder im Kirchenbezirk die Einweihung gefeiert werden kann.<\/p>\n\n\n\n<p>Wer sich nun den 14.09.2025 schon fest in den Kalender eingetragen hatte, der muss nicht g\u00e4nzlich auf Silbermann verzichten: Morgens wird Dekan Rainer Becker den Gottesdienst in Mei\u00dfenheim halten und nachmittags um 17.00 Uhr wird es eine \u201eBaustellenf\u00fchrung\u201c auf der Orgelempore geben, bei der \u00fcber den Stand der Arbeiten informiert wird und die Gelegenheit besteht, \u201ehinter die Kulissen\u201c des Orgelgeh\u00e4uses zu schauen.<\/p>\n\n\n\n<h2 class=\"wp-block-heading\"><strong>Historische R\u00fcckung<\/strong><\/h2>\n\n\n\n<p>In der Mei\u00dfenheimer Kirche fand Ende April 2025 eine spektakul\u00e4re Aktion statt: das historische Geh\u00e4use der Silbermannorgel musste um 60 cm an seinen urspr\u00fcnglichen Platz ger\u00fcckt werden.<\/p>\n\n\n\n<p>Im Zuge der Restaurierung hat sich herausgestellt, dass das Geh\u00e4use, das von Johann Andreas Silbermann 1776 angefertigt wurde, bei einer fr\u00fcheren Restaurierung 1894 nach hinten ger\u00fcckt wurde, um Platz f\u00fcr eine gr\u00f6\u00dfere Spielanlage zu schaffen. Da nun wieder Blaseb\u00e4lge in den von Silbermann vorgegebenen Ma\u00dfen eingebaut werden, fehlten die entscheidenden Zentimeter hinter dem Geh\u00e4use.<\/p>\n\n\n\n<p>Orgelbaumeister Andreas Schiegnitz und seine Mitarbeiter wurden dabei tatkr\u00e4ftig unterst\u00fctzt von f\u00fcnf Mitgliedern der Mei\u00dfenheimer Feuerwehr, sowie von Kirchengemeinderat Heinz Reith, Pfarrer i.R. Heinz Adler und B\u00fcrgermeister Alexander Schr\u00f6der.<\/p>\n\n\n\n<p>Die eigentliche Bewegung des nicht mit dem Boden verankerten Geh\u00e4uses erfolgte dabei \u00fcber hydraulische Wagenheber in Centimeterschritten, jedoch musste auf Stabilisierung und Sicherung des Geh\u00e4uses und Gegengewichte geachtet werden.<\/p>\n\n\n\n<p>Nach einer knappen Stunde war es geschafft und das Geh\u00e4use sicher nach vorne ger\u00fcckt. Der gesamten Mannschaft, die dabei war gilt der herzliche Dank der Kirchengemeinde f\u00fcr die Unterst\u00fctzung \u2013 sicherlich werden sich alle noch lange an diesen historischen Moment erinnern.<\/p>\n\n\n\n<p>Die Wiedereinweihung der restaurierten Silbermannorgel in Mei\u00dfenheim ist f\u00fcr den 14. September 2025 geplant.<\/p>\n\n\n\n<figure class=\"wp-block-gallery has-nested-images columns-default is-cropped wp-block-gallery-1 is-layout-flex wp-block-gallery-is-layout-flex\">\n<figure class=\"wp-block-image size-large\"><a href=\"https:\/\/www.ekimeissenheim.de\/wp-content\/uploads\/Meissenheim-Orgelrueckung-Gruppenfoto.jpg\"><img loading=\"lazy\" decoding=\"async\" width=\"768\" height=\"1024\" data-id=\"8623\" src=\"https:\/\/www.ekimeissenheim.de\/wp-content\/uploads\/Meissenheim-Orgelrueckung-Gruppenfoto-768x1024.jpg\" alt=\"\" class=\"wp-image-8623\" srcset=\"https:\/\/www.ekimeissenheim.de\/wp-content\/uploads\/Meissenheim-Orgelrueckung-Gruppenfoto-768x1023.jpg 768w, https:\/\/www.ekimeissenheim.de\/wp-content\/uploads\/Meissenheim-Orgelrueckung-Gruppenfoto-225x300.jpg 225w, https:\/\/www.ekimeissenheim.de\/wp-content\/uploads\/Meissenheim-Orgelrueckung-Gruppenfoto-1153x1536.jpg 1153w, https:\/\/www.ekimeissenheim.de\/wp-content\/uploads\/Meissenheim-Orgelrueckung-Gruppenfoto.jpg 1200w\" sizes=\"auto, (max-width: 768px) 100vw, 768px\" \/><\/a><\/figure>\n<\/figure>\n\n\n\n<figure class=\"wp-block-image size-large\"><a href=\"https:\/\/www.ekimeissenheim.de\/wp-content\/uploads\/Meissenheim-Orgelrueckung-Foto-2.jpg\"><img loading=\"lazy\" decoding=\"async\" width=\"576\" height=\"1024\" src=\"https:\/\/www.ekimeissenheim.de\/wp-content\/uploads\/Meissenheim-Orgelrueckung-Foto-2-576x1024.jpg\" alt=\"\" class=\"wp-image-8622\" srcset=\"https:\/\/www.ekimeissenheim.de\/wp-content\/uploads\/Meissenheim-Orgelrueckung-Foto-2-576x1024.jpg 576w, https:\/\/www.ekimeissenheim.de\/wp-content\/uploads\/Meissenheim-Orgelrueckung-Foto-2-169x300.jpg 169w, https:\/\/www.ekimeissenheim.de\/wp-content\/uploads\/Meissenheim-Orgelrueckung-Foto-2-768x1365.jpg 768w, https:\/\/www.ekimeissenheim.de\/wp-content\/uploads\/Meissenheim-Orgelrueckung-Foto-2-864x1536.jpg 864w, https:\/\/www.ekimeissenheim.de\/wp-content\/uploads\/Meissenheim-Orgelrueckung-Foto-2.jpg 1148w\" sizes=\"auto, (max-width: 576px) 100vw, 576px\" \/><\/a><\/figure>\n\n\n\n<figure class=\"wp-block-gallery has-nested-images columns-default is-cropped wp-block-gallery-2 is-layout-flex wp-block-gallery-is-layout-flex\">\n<figure class=\"wp-block-image size-large\"><a href=\"https:\/\/www.ekimeissenheim.de\/wp-content\/uploads\/Meissenheim-Orgelrueckung-Foto-1.jpg\"><img loading=\"lazy\" decoding=\"async\" width=\"768\" height=\"1024\" data-id=\"8621\" src=\"https:\/\/www.ekimeissenheim.de\/wp-content\/uploads\/Meissenheim-Orgelrueckung-Foto-1.jpg\" alt=\"\" class=\"wp-image-8621\" srcset=\"https:\/\/www.ekimeissenheim.de\/wp-content\/uploads\/Meissenheim-Orgelrueckung-Foto-1.jpg 768w, https:\/\/www.ekimeissenheim.de\/wp-content\/uploads\/Meissenheim-Orgelrueckung-Foto-1-225x300.jpg 225w\" sizes=\"auto, (max-width: 768px) 100vw, 768px\" \/><\/a><\/figure>\n<\/figure>\n\n\n\n<h2 class=\"wp-block-heading\">Stand- Juli 2024<\/h2>\n\n\n\n<p>Seit Oktober 2023 ist die Silbermannorgel nun abgebaut und in der Werkstatt von Orgelbaumeister Andreas Schiegnitz. Dort werden die Windladen und Pfeifen sorgf\u00e4ltig gereinigt und behutsam und fachm\u00e4nnisch restauriert. Einige besch\u00e4digte oder korrodierte Pfeifen und insbesondere die Balganlage und Teile der Mechanik werden nach historischen Vorbildern rekonstruiert.<\/p>\n\n\n\n<figure class=\"wp-block-image size-medium is-resized\"><a href=\"http:\/\/www.ekimeissenheim.de\/wp-content\/uploads\/DSC_0991-2-scaled.jpg\"><img loading=\"lazy\" decoding=\"async\" width=\"199\" height=\"300\" src=\"http:\/\/www.ekimeissenheim.de\/wp-content\/uploads\/DSC_0991-2-199x300.jpg\" alt=\"\" class=\"wp-image-8366\" style=\"width:202px;height:auto\" srcset=\"https:\/\/www.ekimeissenheim.de\/wp-content\/uploads\/DSC_0991-2-199x300.jpg 199w, https:\/\/www.ekimeissenheim.de\/wp-content\/uploads\/DSC_0991-2-678x1024.jpg 678w, https:\/\/www.ekimeissenheim.de\/wp-content\/uploads\/DSC_0991-2-768x1160.jpg 768w, https:\/\/www.ekimeissenheim.de\/wp-content\/uploads\/DSC_0991-2-1017x1536.jpg 1017w, https:\/\/www.ekimeissenheim.de\/wp-content\/uploads\/DSC_0991-2-1356x2048.jpg 1356w, https:\/\/www.ekimeissenheim.de\/wp-content\/uploads\/DSC_0991-2-scaled.jpg 1696w\" sizes=\"auto, (max-width: 199px) 100vw, 199px\" \/><\/a><\/figure>\n\n\n\n<p>Eine technische Herausforderung stellte sich im Fr\u00fchjahr f\u00fcr die Orgelbauer und die &nbsp;Mei\u00dfenheimer Bauhofmitarbeiter mit dem Abbau und Abtransport des 250 kg schweren Blasebalgs. Er stammt nicht von Silbermann, sondern von Merklin von 1893 und soll in einem passenden Instrument wiederverwendet werden. Der Balg wurde in mehreren Teilen abgebaut und \u00fcber einen Lastenaufzug behutsam von der Empore hinuntergehoben. Kraft und Teamarbeit waren hier gleicherma\u00dfen gefragt:<\/p>\n\n\n\n<figure class=\"wp-block-image size-medium\"><a href=\"http:\/\/www.ekimeissenheim.de\/wp-content\/uploads\/P1010754-scaled.jpg\"><img loading=\"lazy\" decoding=\"async\" width=\"300\" height=\"225\" src=\"http:\/\/www.ekimeissenheim.de\/wp-content\/uploads\/P1010754-300x225.jpg\" alt=\"\" class=\"wp-image-8368\" srcset=\"https:\/\/www.ekimeissenheim.de\/wp-content\/uploads\/P1010754-300x225.jpg 300w, https:\/\/www.ekimeissenheim.de\/wp-content\/uploads\/P1010754-1024x768.jpg 1024w, https:\/\/www.ekimeissenheim.de\/wp-content\/uploads\/P1010754-768x576.jpg 768w, https:\/\/www.ekimeissenheim.de\/wp-content\/uploads\/P1010754-1536x1152.jpg 1536w, https:\/\/www.ekimeissenheim.de\/wp-content\/uploads\/P1010754-2048x1536.jpg 2048w\" sizes=\"auto, (max-width: 300px) 100vw, 300px\" \/><\/a><\/figure>\n\n\n\n<p><br>Eine \u00dcberraschung erlebten wir, als die Geh\u00e4usereste und der seitliche Bretterverschlag am Fenster vollst\u00e4ndig entfernt waren: an der Wand und Fensterlaibung ist nicht nur die Original Wandfarbe aus der Entstehungszeit der Kirche erkennbar, sondern auch einige Kritzeleien und Inschriften von Balgtretern aus der Silbermannzeit.<\/p>\n\n\n\n<p>Die eigentliche vorgesehene z\u00fcgige Ausf\u00fchrung von kleineren Handwerkerarbeiten im Bereich hinter der Orgel an Wand und Fenster gerieten so erstmal ins Stocken, denn die unerwarteten Funde mussten seitens des Denkmalschutzes begutachtet werden. Weitere Besprechungen und Beratungen folgten und inzwischen ist klar, dass auch diese Inschriften behutsam gereinigt, dokumentiert und gesichert werden. Ob das die Balgtreter von 1862 geahnt haben, dass ihre Kritzeleien 160 Jahre sp\u00e4ter einmal in eine Dokumentation eingehen?<\/p>\n\n\n\n<figure class=\"wp-block-image size-large\"><a href=\"http:\/\/www.ekimeissenheim.de\/wp-content\/uploads\/P1010819-scaled.jpg\"><img loading=\"lazy\" decoding=\"async\" width=\"1024\" height=\"768\" src=\"http:\/\/www.ekimeissenheim.de\/wp-content\/uploads\/P1010819-1024x768.jpg\" alt=\"\" class=\"wp-image-8369\" srcset=\"https:\/\/www.ekimeissenheim.de\/wp-content\/uploads\/P1010819-1024x768.jpg 1024w, https:\/\/www.ekimeissenheim.de\/wp-content\/uploads\/P1010819-300x225.jpg 300w, https:\/\/www.ekimeissenheim.de\/wp-content\/uploads\/P1010819-768x576.jpg 768w, https:\/\/www.ekimeissenheim.de\/wp-content\/uploads\/P1010819-1536x1152.jpg 1536w, https:\/\/www.ekimeissenheim.de\/wp-content\/uploads\/P1010819-2048x1536.jpg 2048w\" sizes=\"auto, (max-width: 1024px) 100vw, 1024px\" \/><\/a><\/figure>\n\n\n\n<p>Immer wieder durften wir im Laufe der vielen Begegnungen mit Restauratoren und Fachleuten von au\u00dferhalb eine gro\u00dfe Wertsch\u00e4tzung \u00fcber die sehr gut erhaltene historische Substanz unserer Kirche und unserer Orgel erfahren. Der Holzboden unter der Orgel ist noch original von 1766 und in gutem Zustand- was f\u00fcr ein Geschenk!<\/p>\n\n\n\n<p><strong>Wie geht es nun weiter?<\/strong><br>Nach dem Abschluss der Arbeiten des Restaurators an der Wand und Fensterlaibung wird eine UV-Schutzscheibe an das Fenster hinter der Orgel angebracht und die weiteren Handwerkerarbeiten auf der Empore geplant.<\/p>\n\n\n\n<p>Das historische Orgelgeh\u00e4use von Silbermann wird noch im Herbst diesen Jahres fachm\u00e4nnisch in der Kirche restauriert, ebenso ist die Anlieferung der neuen Balganlage geplant.<\/p>\n\n\n\n<p>Im Oktober 2024 soll es eine Orgelfahrt in die Werkstatt Schiegnitz nach Gr\u00fcnstadt in der Pfalz geben, um den Fortschritt der Arbeiten dort zu besichtigen.<\/p>\n\n\n\n<p>Die R\u00fcckkehr der Orgel, Wiederaufbau, Einbau und Intonation der Pfeifen ist f\u00fcr das Fr\u00fchjahr 2025 vorgesehen, die Fertigstellung und festliche Wiedereinweihung wird voraussichtlich im September 2025 sein \u2013 rechtzeitig vor dem Jubil\u00e4umsjahr 2026, in dem wir den 250. Geburtstag unserer wertvollen Orgel feiern d\u00fcrfen.<\/p>\n\n\n\n<p><strong>Und die Finanzen?<\/strong><br>Dank vieler kleiner und gr\u00f6\u00dferer Spendenbeitr\u00e4ge und der Unterst\u00fctzung von Stiftungen u.a. konnten wir schon einen gro\u00dfen Teil des zu finanzierenden Beitrags von 329.000 \u20ac sammeln. Allen Unterst\u00fctzern ein herzliches Vergelts Gott!<\/p>\n\n\n\n<p>Der Finanzierungsbedarf betr\u00e4gt aktuell noch 78.000 \u20ac unsere Spendenkonten finden Sie auf der homepage.<\/p>\n\n\n\n<p class=\"has-medium-font-size\"><strong>Restaurierung &#8211; Fortschritt<\/strong><\/p>\n\n\n\n<p>Die \u00fcber mehrere Bauabschnitte geplante Restaurierung \u2013 unter enger Begleitung und Auflagen des Denkmalamtes und des landeskirchlichen Sachverst\u00e4ndigen Prof. Michael Kaufmann \u2013 ist im Zeitplan und ist im Oktober den n\u00e4chsten gro\u00dfen Schritt gegangen. Die Pfeifen und Windlade des zweiten Manuals, die nicht von Silbermann sondern von M\u00fchleisen aus den 60er Jahren stammen, sind bereits seit September 2022 ausgebaut und bei Orgelbaumeister Andreas Schiegnitz in der Werkstatt.<\/p>\n\n\n\n<figure class=\"wp-block-image size-medium\"><a href=\"http:\/\/www.ekimeissenheim.de\/wp-content\/uploads\/Orgel_Holzpfeiffen-abtransportbereit-1.jpg\"><img loading=\"lazy\" decoding=\"async\" width=\"300\" height=\"225\" src=\"http:\/\/www.ekimeissenheim.de\/wp-content\/uploads\/Orgel_Holzpfeiffen-abtransportbereit-1-300x225.jpg\" alt=\"\" class=\"wp-image-8209\" srcset=\"https:\/\/www.ekimeissenheim.de\/wp-content\/uploads\/Orgel_Holzpfeiffen-abtransportbereit-1-300x225.jpg 300w, https:\/\/www.ekimeissenheim.de\/wp-content\/uploads\/Orgel_Holzpfeiffen-abtransportbereit-1-1024x768.jpg 1024w, https:\/\/www.ekimeissenheim.de\/wp-content\/uploads\/Orgel_Holzpfeiffen-abtransportbereit-1-768x576.jpg 768w, https:\/\/www.ekimeissenheim.de\/wp-content\/uploads\/Orgel_Holzpfeiffen-abtransportbereit-1.jpg 1386w\" sizes=\"auto, (max-width: 300px) 100vw, 300px\" \/><\/a><\/figure>\n\n\n\n<p><em>Die gro\u00dfen Holzpfeifen auf dem Weg zum Weitertransport. Sie sind bis zu 2,40 m lang und gut erhalten. Sie stammen von Silbermann \u2013 mit \u00fcber 250 Jahre altem Holz.<\/em><\/p>\n\n\n\n<h2 class=\"wp-block-heading\">Vollst\u00e4ndiger Abbau der Orgel im Oktober<\/h2>\n\n\n\n<p>Im Oktober diesen Jahres trat die Renovierung nun in den n\u00e4chsten Bauabschnitt: die Orgel wurde vollst\u00e4ndig abgebaut, lediglich das Geh\u00e4use verbleibt in der Kirche. Die Gottesdienste werden dann mit dem Orgelpositiv und den Instrumentalgruppen der Gemeinde musikalisch gestaltet. Anfang 2025 wird dann mit dem Wiedereinbau der restaurierten Pfeifen zu rechnen sein und die klangliche Abstimmung auf den Kirchenraum in Mei\u00dfenheim erfolgen. Der lange Zeitraum wird nur zum Teil f\u00fcr die eigentlichen Restaurierungsarbeiten ben\u00f6tigt. Die umfangreiche Dokumentation und behutsame Forschung an den historischen Pfeifen und Orgelteilen braucht Zeit. Immer wieder wird dabei auch an anderen Silbermannorgeln recherchiert werden m\u00fcssen, um Antworten und L\u00f6sungen f\u00fcr Mei\u00dfenheim zu finden.<\/p>\n\n\n\n<p>Vor dem behutsamen Abbau der Pfeifen, Mechanikteile und Windladen standen noch einige Tage an genauer Forschungsarbeit an. Jedes Brett, jeder Nagel und nat\u00fcrlich auch jede Pfeife wurde dabei untersucht. Zusammen mit Klangspezialist Ulrich Becker aus Konstanz hat Andreas Schiegnitz zahlreiche Messungen an Pfeifen und Geh\u00e4useproportionen durchgef\u00fchrt und dabei erstaunliche Zusammenh\u00e4nge zu Tage gef\u00f6rdert.<\/p>\n\n\n\n<p>Geigenbaumeister Becker schw\u00e4rmte dabei von der idealen Akustik der Mei\u00dfenheimer Kirche und dem Klang der original erhaltenen Silbermannpfeifen. \u201eIch habe noch nie einen Stein- Kirchenraum mit einem so wunderbaren, warmen und ruhigen Klang erlebt\u201c.<\/p>\n\n\n\n<p>Verbl\u00fcffend war auch das Ergebnis eines klanglichen Experiments: einige Holzpfeifen, die nicht abgeschnitten wurden, sondern durch Einschieben des Deckelst\u00f6psels Anfang des 19. Jahrhunderts auf den in Mode gekommenen h\u00f6heren Stimmton gebracht wurden, wurden wieder in die Original Silbermann- Stimmung gebracht. Auf einmal stimmten die Proportionen wieder \u2013 die Pfeifen klangen voller und runder.<\/p>\n\n\n\n<figure class=\"wp-block-image size-medium\"><a href=\"http:\/\/www.ekimeissenheim.de\/wp-content\/uploads\/Orgel_Silbermann_Archiv.jpg\"><img loading=\"lazy\" decoding=\"async\" width=\"300\" height=\"225\" src=\"http:\/\/www.ekimeissenheim.de\/wp-content\/uploads\/Orgel_Silbermann_Archiv-300x225.jpg\" alt=\"Orgelbaumeister Schiegnitz liest im Silbermann-Archiv,  dass der damalige Schultes den Orgelbauern nach getaner Arbeit im Hechten etwas ausgegeben hat. B\u00fcrgermeister Schr\u00f6der h\u00f6rte es mit wohlwollendem Interesse\u2026.\" class=\"wp-image-8203\" srcset=\"https:\/\/www.ekimeissenheim.de\/wp-content\/uploads\/Orgel_Silbermann_Archiv-300x225.jpg 300w, https:\/\/www.ekimeissenheim.de\/wp-content\/uploads\/Orgel_Silbermann_Archiv-768x576.jpg 768w, https:\/\/www.ekimeissenheim.de\/wp-content\/uploads\/Orgel_Silbermann_Archiv.jpg 841w\" sizes=\"auto, (max-width: 300px) 100vw, 300px\" \/><\/a><\/figure>\n\n\n\n<p><em>Orgelbaumeister Schiegnitz liest im Silbermann-Archiv, &nbsp;dass der damalige Schultes den Orgelbauern nach getaner Arbeit im Hechten etwas ausgegeben hat. B\u00fcrgermeister Schr\u00f6der h\u00f6rte es mit wohlwollendem Interesse\u2026.<\/em><\/p>\n\n\n\n<p>Auch Heimatkunde konnte man betreiben: an einem Brett entdeckten wir die Inschrift \u201eGottlieb Lutz im Oktober 1894\u201c. Da Orgelbauer August Merklin im September 1894 eine Orgelrenovierung vorgenommen hatte, liegt die Vermutung nahe, dass ein ortsans\u00e4ssiger Schreiner hier die Seitenbretter der Orgel angefertigt hat. Im Ortssippenbuch wurde tats\u00e4chlich ein Schreiner Gottlieb Lutz entdeckt und so diese Theorie best\u00e4tigt.<\/p>\n\n\n\n<p>Wir sind sehr froh, dass wir mit Orgelbaumeister Andreas Schiegnitz einen Fachmann f\u00fcr historische Instrumente gefunden haben, der mit \u00e4u\u00dferster Behutsamkeit und Respekt der wertvollen Substanz begegnet. Mit Rat und Tat begleitet unser Restaurierungsprojekt Prof. Michael Kaufmann als Sachverst\u00e4ndiger der Landeskirche. Prof. Kaufmann hat \u00fcber Silbermann promoviert und ist mit dessen Orgeln bestens vertraut.<\/p>\n\n\n\n<h2 class=\"wp-block-heading\">Spenden weiterhin ben\u00f6tigt<\/h2>\n\n\n\n<p>F\u00fcr die Finanzierung der Restaurierung konnten bereits umfangreiche F\u00f6rderantrage erfolgreich gestellt werden. \u00dcber die H\u00e4lfte der ben\u00f6tigten Mittel mit Gesamtkosten von 329.000 \u20ac sind so schon gesichert. Zuletzt durfte sich die Gemeinde \u00fcber eine F\u00f6rderzusage der \u201eDeutschen Stiftung Denkmalschutz\u201c freuen. Zur Finanzierung des Eigenanteils der Gemeinde ist man jedoch weiterhin auf Spenden angewiesen. Der Eigenanteil der Gemeinde konnte dank vieler Spenden von anfangs 139 T\u20ac auf gut 80 T\u20ac gesenkt werden.<\/p>\n\n\n\n<p>Die Aktionen zur Finanzierung der Orgelrestaurierung werden auch im n\u00e4chsten Jahr weitergehen. Neben Vortr\u00e4gen und Konzerten in Mei\u00dfenheim ist auch eine Fahrt in die Werkstatt von Andreas Schiegnitz in der Pfalz im Herbst 2024 vorgesehen.<\/p>\n\n\n\n<p>Susanne Mo\u00dfmann<\/p>\n\n\n\n<p>_________________________________________________________________<\/p>\n\n\n\n<h2 class=\"wp-block-heading\">Restaurierung hat begonnen<\/h2>\n\n\n\n<figure class=\"wp-block-image size-full\"><a href=\"http:\/\/www.ekimeissenheim.de\/wp-content\/uploads\/Orgel-Blick-ins-geoeffnete-Hauptwerksgehaeuse.jpg\"><img loading=\"lazy\" decoding=\"async\" width=\"873\" height=\"655\" src=\"http:\/\/www.ekimeissenheim.de\/wp-content\/uploads\/Orgel-Blick-ins-geoeffnete-Hauptwerksgehaeuse.jpg\" alt=\"\" class=\"wp-image-7679\" srcset=\"https:\/\/www.ekimeissenheim.de\/wp-content\/uploads\/Orgel-Blick-ins-geoeffnete-Hauptwerksgehaeuse.jpg 873w, https:\/\/www.ekimeissenheim.de\/wp-content\/uploads\/Orgel-Blick-ins-geoeffnete-Hauptwerksgehaeuse-300x225.jpg 300w, https:\/\/www.ekimeissenheim.de\/wp-content\/uploads\/Orgel-Blick-ins-geoeffnete-Hauptwerksgehaeuse-768x576.jpg 768w\" sizes=\"auto, (max-width: 873px) 100vw, 873px\" \/><\/a><\/figure>\n\n\n\n<p>Blick von hinten ins ge\u00f6ffnete Hauptwerksgeh\u00e4use, das von Silbermann stammt und als einziges Orgelteil in der Kirche verbleibt und vor Ort restauriert wirde.<\/p>\n\n\n\n<p>Von unten kann man erkennen, dass es nun hinter den Orgelpfeifen hell durchscheint. Nach der Restaurierung wird wieder eine R\u00fcckwand eingebaut. Die Pedalpfeifen und das zweite Manual wird dann anders angeordnet, so dass sie sich klanglich besser entfalten k\u00f6nnen.<\/p>\n\n\n\n<figure class=\"wp-block-image size-medium\"><a href=\"http:\/\/www.ekimeissenheim.de\/wp-content\/uploads\/Orgelbaumeister-Andreas-Schiegnitz-baut-Pfeifen-aus-scaled.jpg\"><img loading=\"lazy\" decoding=\"async\" width=\"225\" height=\"300\" src=\"http:\/\/www.ekimeissenheim.de\/wp-content\/uploads\/Orgelbaumeister-Andreas-Schiegnitz-baut-Pfeifen-aus-225x300.jpg\" alt=\"\" class=\"wp-image-7553\" srcset=\"https:\/\/www.ekimeissenheim.de\/wp-content\/uploads\/Orgelbaumeister-Andreas-Schiegnitz-baut-Pfeifen-aus-225x300.jpg 225w, https:\/\/www.ekimeissenheim.de\/wp-content\/uploads\/Orgelbaumeister-Andreas-Schiegnitz-baut-Pfeifen-aus-768x1024.jpg 768w, https:\/\/www.ekimeissenheim.de\/wp-content\/uploads\/Orgelbaumeister-Andreas-Schiegnitz-baut-Pfeifen-aus-1152x1536.jpg 1152w, https:\/\/www.ekimeissenheim.de\/wp-content\/uploads\/Orgelbaumeister-Andreas-Schiegnitz-baut-Pfeifen-aus-1536x2048.jpg 1536w, https:\/\/www.ekimeissenheim.de\/wp-content\/uploads\/Orgelbaumeister-Andreas-Schiegnitz-baut-Pfeifen-aus-scaled.jpg 1920w\" sizes=\"auto, (max-width: 225px) 100vw, 225px\" \/><\/a><\/figure>\n\n\n\n<p>Die Restaurierung der Silbermannorgel in Mei\u00dfenheim hat begonnen. Orgelbaumeister Andreas Schiegnitz nimmt die ersten Pfeifen aus der Orgel. Das zweite Manual (stammt aus der Werkstatt von Orgelbauer Ernest M\u00fchleisen und wurde 1962 erg\u00e4nzt) wurde komplett ausgebaut &#8211; inklusive Windlade, allen Pfeifen und der ganzen Mechanik.<\/p>\n\n\n\n<p>Die Pedalregister und die Pfeifen des Hauptwerkes der Orgeln sind noch in der Kirchew, die Orgel begleitet weiterhin &#8211; mit reduzierten Klangm\u00f6glichkeiten &#8211; die Gottesdienste.<\/p>\n\n\n\n<figure class=\"wp-block-image size-medium\"><a href=\"http:\/\/www.ekimeissenheim.de\/wp-content\/uploads\/Pfeifenstock-ausgebaut.jpg\"><img loading=\"lazy\" decoding=\"async\" width=\"300\" height=\"200\" src=\"http:\/\/www.ekimeissenheim.de\/wp-content\/uploads\/Pfeifenstock-ausgebaut-300x200.jpg\" alt=\"\" class=\"wp-image-7492\" srcset=\"https:\/\/www.ekimeissenheim.de\/wp-content\/uploads\/Pfeifenstock-ausgebaut-300x200.jpg 300w, https:\/\/www.ekimeissenheim.de\/wp-content\/uploads\/Pfeifenstock-ausgebaut-768x512.jpg 768w, https:\/\/www.ekimeissenheim.de\/wp-content\/uploads\/Pfeifenstock-ausgebaut.jpg 900w\" sizes=\"auto, (max-width: 300px) 100vw, 300px\" \/><\/a><\/figure>\n\n\n\n<p>Mitte September 2022 begann Orgelbauer Andreas Schiegnitz mit dem Ausbau von Pfeifen und Windladen. Ein Manual ist nun &#8211; mit seinen dazugeh\u00f6renden Pfeifen &#8211; ausgebaut und wird in der Orgelbauwerkstatt restauriert. Dazu geh\u00f6rt eine akribische Dokumentation des Pfeifenmaterials und die anschlie\u00dfende restauratorische Bearbeitung.<\/p>\n\n\n\n<figure class=\"wp-block-image size-medium\"><a href=\"http:\/\/www.ekimeissenheim.de\/wp-content\/uploads\/Innenansicht-der-Orgel-viel-Platz-durch-Ausbau-der-Pfeifen.jpg\"><img loading=\"lazy\" decoding=\"async\" width=\"300\" height=\"200\" src=\"http:\/\/www.ekimeissenheim.de\/wp-content\/uploads\/Innenansicht-der-Orgel-viel-Platz-durch-Ausbau-der-Pfeifen-300x200.jpg\" alt=\"\" class=\"wp-image-7493\" srcset=\"https:\/\/www.ekimeissenheim.de\/wp-content\/uploads\/Innenansicht-der-Orgel-viel-Platz-durch-Ausbau-der-Pfeifen-300x200.jpg 300w, https:\/\/www.ekimeissenheim.de\/wp-content\/uploads\/Innenansicht-der-Orgel-viel-Platz-durch-Ausbau-der-Pfeifen-768x512.jpg 768w, https:\/\/www.ekimeissenheim.de\/wp-content\/uploads\/Innenansicht-der-Orgel-viel-Platz-durch-Ausbau-der-Pfeifen.jpg 900w\" sizes=\"auto, (max-width: 300px) 100vw, 300px\" \/><\/a><\/figure>\n","protected":false},"excerpt":{"rendered":"<p>Wenige Wochen mehr Geduld brauchen nicht nur die Gemeindeglieder der Evang. Kirchengemeinde Mei\u00dfenheim, sondern auch alle Kirchenmusik-Fans, die sehnlich darauf warten, die Mei\u00dfenheimer Silbermann-Orgel wieder h\u00f6ren zu k\u00f6nnen. Der Zeitplan zur Restaurierung der Historischen Silbermann-Orgel in Mei\u00dfenheim war durch Krankheit &hellip; <a href=\"https:\/\/www.ekimeissenheim.de\/?page_id=7488\">Weiterlesen <span class=\"meta-nav\">&rarr;<\/span><\/a><\/p>\n","protected":false},"author":2,"featured_media":0,"parent":6514,"menu_order":0,"comment_status":"closed","ping_status":"closed","template":"","meta":{"ngg_post_thumbnail":0,"footnotes":""},"class_list":["post-7488","page","type-page","status-publish","hentry"],"_links":{"self":[{"href":"https:\/\/www.ekimeissenheim.de\/index.php?rest_route=\/wp\/v2\/pages\/7488","targetHints":{"allow":["GET"]}}],"collection":[{"href":"https:\/\/www.ekimeissenheim.de\/index.php?rest_route=\/wp\/v2\/pages"}],"about":[{"href":"https:\/\/www.ekimeissenheim.de\/index.php?rest_route=\/wp\/v2\/types\/page"}],"author":[{"embeddable":true,"href":"https:\/\/www.ekimeissenheim.de\/index.php?rest_route=\/wp\/v2\/users\/2"}],"replies":[{"embeddable":true,"href":"https:\/\/www.ekimeissenheim.de\/index.php?rest_route=%2Fwp%2Fv2%2Fcomments&post=7488"}],"version-history":[{"count":15,"href":"https:\/\/www.ekimeissenheim.de\/index.php?rest_route=\/wp\/v2\/pages\/7488\/revisions"}],"predecessor-version":[{"id":8686,"href":"https:\/\/www.ekimeissenheim.de\/index.php?rest_route=\/wp\/v2\/pages\/7488\/revisions\/8686"}],"up":[{"embeddable":true,"href":"https:\/\/www.ekimeissenheim.de\/index.php?rest_route=\/wp\/v2\/pages\/6514"}],"wp:attachment":[{"href":"https:\/\/www.ekimeissenheim.de\/index.php?rest_route=%2Fwp%2Fv2%2Fmedia&parent=7488"}],"curies":[{"name":"wp","href":"https:\/\/api.w.org\/{rel}","templated":true}]}}