{"id":4517,"date":"2017-02-28T20:08:02","date_gmt":"2017-02-28T18:08:02","guid":{"rendered":"http:\/\/www.ekimeissenheim.de\/?page_id=4517"},"modified":"2017-02-28T20:12:49","modified_gmt":"2017-02-28T18:12:49","slug":"neues-orgelpositiv","status":"publish","type":"page","link":"https:\/\/www.ekimeissenheim.de\/?page_id=4517","title":{"rendered":"Neues Orgelpositiv"},"content":{"rendered":"<p>Mit gro\u00dfer Freude konnte die Gemeinde zum 250j\u00e4hrigen Kirchenjubil\u00e4um ein neues Orgelpositiv anschaffen. Der Orgelbauer Hermann Binder aus Hermannstadt (Siebenb\u00fcrgen) hat das Instrument geschaffen. Dank zahlreicher Spenden konnte das Instrument schon bezahlt werden. Nun dient die Truhenorgel der Begleitung des Kirchenchores oder der Begleitung von Solisten in Gottesdiensten oder Konzerten. Auch in kleineren Gottesdiensten kann das Instrument eingesetzt werden.<br \/>\nBesonders beeindruckend war &#8211; bei der Vorstellung der Truhenorgel &#8211; das Zusammenspiel mit der altehrw\u00fcrdigen Silbermann-Orgel.<\/p>\n<p>Die Bilder zeigen unser neues Orgelpositiv. Hermann Binder, der Orgelbauer, ist mit dem Manual zu sehen.<\/p>\n<div id='gallery-1' class='gallery galleryid-4517 gallery-columns-3 gallery-size-thumbnail'><dl class='gallery-item'>\n\t\t\t<dt class='gallery-icon landscape'>\n\t\t\t\t<a href='https:\/\/www.ekimeissenheim.de\/?attachment_id=4374'><img loading=\"lazy\" decoding=\"async\" width=\"150\" height=\"150\" src=\"https:\/\/www.ekimeissenheim.de\/wp-content\/uploads\/Truhenorgel-mit-Krone-150x150.jpg\" class=\"attachment-thumbnail size-thumbnail\" alt=\"\" \/><\/a>\n\t\t\t<\/dt><\/dl><dl class='gallery-item'>\n\t\t\t<dt class='gallery-icon landscape'>\n\t\t\t\t<a href='https:\/\/www.ekimeissenheim.de\/?attachment_id=4360'><img loading=\"lazy\" decoding=\"async\" width=\"150\" height=\"150\" src=\"https:\/\/www.ekimeissenheim.de\/wp-content\/uploads\/Orgelpositiv-Innenleben-noch-ohne-Holzpfeifen-150x150.jpg\" class=\"attachment-thumbnail size-thumbnail\" alt=\"\" \/><\/a>\n\t\t\t<\/dt><\/dl><dl class='gallery-item'>\n\t\t\t<dt class='gallery-icon landscape'>\n\t\t\t\t<a href='https:\/\/www.ekimeissenheim.de\/?attachment_id=4351'><img loading=\"lazy\" decoding=\"async\" width=\"150\" height=\"150\" src=\"https:\/\/www.ekimeissenheim.de\/wp-content\/uploads\/Metallpfeifen-in-der-Front-150x150.jpg\" class=\"attachment-thumbnail size-thumbnail\" alt=\"\" \/><\/a>\n\t\t\t<\/dt><\/dl><br style=\"clear: both\" \/><dl class='gallery-item'>\n\t\t\t<dt class='gallery-icon landscape'>\n\t\t\t\t<a href='https:\/\/www.ekimeissenheim.de\/?attachment_id=4282'><img loading=\"lazy\" decoding=\"async\" width=\"150\" height=\"150\" src=\"https:\/\/www.ekimeissenheim.de\/wp-content\/uploads\/kleine-Pfeifenreihe-150x150.jpg\" class=\"attachment-thumbnail size-thumbnail\" alt=\"\" \/><\/a>\n\t\t\t<\/dt><\/dl><dl class='gallery-item'>\n\t\t\t<dt class='gallery-icon landscape'>\n\t\t\t\t<a href='https:\/\/www.ekimeissenheim.de\/?attachment_id=4284'><img loading=\"lazy\" decoding=\"async\" width=\"150\" height=\"150\" src=\"https:\/\/www.ekimeissenheim.de\/wp-content\/uploads\/Prospekt-Skizze-Orgelpositiv-150x150.jpg\" class=\"attachment-thumbnail size-thumbnail\" alt=\"\" \/><\/a>\n\t\t\t<\/dt><\/dl><dl class='gallery-item'>\n\t\t\t<dt class='gallery-icon landscape'>\n\t\t\t\t<a href='https:\/\/www.ekimeissenheim.de\/?attachment_id=4105'><img loading=\"lazy\" decoding=\"async\" width=\"150\" height=\"150\" src=\"https:\/\/www.ekimeissenheim.de\/wp-content\/uploads\/Orgelbauer-Hermann-Binder-mit-Tastatur-150x150.jpg\" class=\"attachment-thumbnail size-thumbnail\" alt=\"\" \/><\/a>\n\t\t\t<\/dt><\/dl><br style=\"clear: both\" \/><dl class='gallery-item'>\n\t\t\t<dt class='gallery-icon landscape'>\n\t\t\t\t<a href='https:\/\/www.ekimeissenheim.de\/?attachment_id=4104'><img loading=\"lazy\" decoding=\"async\" width=\"150\" height=\"150\" src=\"https:\/\/www.ekimeissenheim.de\/wp-content\/uploads\/Blick-in-die-Pfeifenreihen-150x150.jpg\" class=\"attachment-thumbnail size-thumbnail\" alt=\"\" \/><\/a>\n\t\t\t<\/dt><\/dl>\n\t\t\t<br style='clear: both' \/>\n\t\t<\/div>\n\n","protected":false},"excerpt":{"rendered":"<p>Mit gro\u00dfer Freude konnte die Gemeinde zum 250j\u00e4hrigen Kirchenjubil\u00e4um ein neues Orgelpositiv anschaffen. Der Orgelbauer Hermann Binder aus Hermannstadt (Siebenb\u00fcrgen) hat das Instrument geschaffen. Dank zahlreicher Spenden konnte das Instrument schon bezahlt werden. Nun dient die Truhenorgel der Begleitung des &hellip; <a href=\"https:\/\/www.ekimeissenheim.de\/?page_id=4517\">Weiterlesen <span class=\"meta-nav\">&rarr;<\/span><\/a><\/p>\n","protected":false},"author":2,"featured_media":0,"parent":0,"menu_order":0,"comment_status":"closed","ping_status":"closed","template":"","meta":{"ngg_post_thumbnail":0,"footnotes":""},"class_list":["post-4517","page","type-page","status-publish","hentry"],"_links":{"self":[{"href":"https:\/\/www.ekimeissenheim.de\/index.php?rest_route=\/wp\/v2\/pages\/4517","targetHints":{"allow":["GET"]}}],"collection":[{"href":"https:\/\/www.ekimeissenheim.de\/index.php?rest_route=\/wp\/v2\/pages"}],"about":[{"href":"https:\/\/www.ekimeissenheim.de\/index.php?rest_route=\/wp\/v2\/types\/page"}],"author":[{"embeddable":true,"href":"https:\/\/www.ekimeissenheim.de\/index.php?rest_route=\/wp\/v2\/users\/2"}],"replies":[{"embeddable":true,"href":"https:\/\/www.ekimeissenheim.de\/index.php?rest_route=%2Fwp%2Fv2%2Fcomments&post=4517"}],"version-history":[{"count":5,"href":"https:\/\/www.ekimeissenheim.de\/index.php?rest_route=\/wp\/v2\/pages\/4517\/revisions"}],"predecessor-version":[{"id":4522,"href":"https:\/\/www.ekimeissenheim.de\/index.php?rest_route=\/wp\/v2\/pages\/4517\/revisions\/4522"}],"wp:attachment":[{"href":"https:\/\/www.ekimeissenheim.de\/index.php?rest_route=%2Fwp%2Fv2%2Fmedia&parent=4517"}],"curies":[{"name":"wp","href":"https:\/\/api.w.org\/{rel}","templated":true}]}}